{"id":11,"date":"2014-02-18T14:36:13","date_gmt":"2014-02-18T14:36:13","guid":{"rendered":"http:\/\/ajsoifer.wordpress.com\/?page_id=11"},"modified":"2014-02-18T14:36:13","modified_gmt":"2014-02-18T14:36:13","slug":"que-la-fuerza-te-acompane","status":"publish","type":"page","link":"https:\/\/ajsoifer.ca\/?page_id=11","title":{"rendered":"Que la fuerza te acompa\u00f1e (cr\u00f3nica period\u00edstica)"},"content":{"rendered":"<div class=\"wp-block-image\">\n<figure class=\"aligncenter size-large\"><a href=\"https:\/\/ajsoifer.files.wordpress.com\/2013\/10\/qlfta.jpg\"><img loading=\"lazy\" decoding=\"async\" width=\"606\" height=\"960\" src=\"https:\/\/ajsoifer.files.wordpress.com\/2013\/10\/qlfta.jpg?w=606\" alt=\"\" class=\"wp-image-17\" srcset=\"https:\/\/ajsoifer.ca\/wp-content\/uploads\/2013\/10\/qlfta.jpg 606w, https:\/\/ajsoifer.ca\/wp-content\/uploads\/2013\/10\/qlfta-189x300.jpg 189w\" sizes=\"auto, (max-width: 606px) 100vw, 606px\" \/><\/a><\/figure><\/div>\n\n\n<p class=\"has-text-align-justify\"><strong style=\"line-height: 1.5em\"><em>Que la fuerza te acompa\u00f1e<\/em><\/strong><span style=\"line-height: 1.5em\"> es una exhaustiva investigaci\u00f3n que indaga sobre la construcci\u00f3n hist\u00f3rica de un imaginario social, cultural y pol\u00edtico encarnado en j\u00f3venes y adultos que viven con la nostalgia&nbsp;&nbsp; de una infancia perdida. Alejandro Soifer remonta al lector hasta los or\u00edgenes de la nerditud: la primera invasi\u00f3n del anim\u00e9 y los dibujos animados norteamericanos en los 80; la historia de <\/span><em style=\"line-height: 1.5em\">The Big Channel<\/em><span style=\"line-height: 1.5em\"> y <\/span><em style=\"line-height: 1.5em\">Magic Kids<\/em><span style=\"line-height: 1.5em\">; la oleada de c\u00f3mics de los 90 y el surgimiento de la revista <\/span><em style=\"line-height: 1.5em\">Comiqueando<\/em><span style=\"line-height: 1.5em\">; las figuritas de <\/span><em style=\"line-height: 1.5em\">Cromy<\/em><span style=\"line-height: 1.5em\">; el crecimiento del coleccionismo de juguetes; las revistas de videojuegos que hicieron historia como PC Juegos y XtremePC; y el surgimiento de los juegos de rol en la Argentina. Con una verborragia digna de Sheldon Cooper, el autor propone una cr\u00f3nica intervenida que recorre las diferentes invasiones de los \u00faltimos a\u00f1os. As\u00ed practica esgrima medieval en un local de fan\u00e1ticos del fantasy medieval en Palermo Soho; juega al Mafia en la Marcha del orgullo nerd; camina por las calles de la ciudad rodeado de muertos vivos en la <\/span><em style=\"line-height: 1.5em\">Zombie Walk<\/em><span style=\"line-height: 1.5em\">; incursiona en los recovecos de la <\/span><em style=\"line-height: 1.5em\">Daicon Matsuri<\/em><span style=\"line-height: 1.5em\"> entre fan\u00e1ticos del manga y el anim\u00e9; y comparte con los nerds del futuro una tarde de invierno en la <\/span><em style=\"line-height: 1.5em\">Harry Potter Walk<\/em><span style=\"line-height: 1.5em\"> en Buenos Aires.<\/span><\/p>\n\n\n\n<p><strong style=\"font-size: 1.5em;line-height: 1.5em\"><br>Cons\u00edguelo<\/strong><\/p>\n\n\n\n<p><strong>En papel:<\/strong><\/p>\n\n\n\n<ul class=\"wp-block-list\">\n<li>\n<ul class=\"wp-block-list\">\n<li><strong><a href=\"http:\/\/www.editorialmarea.com.ar\/quelafuerza.html\">Editorial Marea<\/a> (env\u00edos a toda la Argentina sin cargo)<\/strong><\/li>\n\n\n\n<li><strong><a href=\"http:\/\/www.cuspide.com\/9789871307487\/Que+La+Fuerza+Te+Acompa%C3%B1e\/\">C\u00faspide<\/a><\/strong><\/li>\n\n\n\n<li><strong><a href=\"https:\/\/www.libreriahernandez.com.ar\/l\/que-la-fuerza-te-acompane\/300547\/9789871307487\">Librer\u00eda Hern\u00e1ndez<\/a><\/strong><\/li>\n\n\n\n<li><strong><a href=\"http:\/\/www.lsf.com.ar\/libros\/48\/QUE-LA-FUERZA-TE-ACOMPAnE\/\">Librer\u00eda Santa Fe<\/a><\/strong><\/li>\n\n\n\n<li><strong><a href=\"http:\/\/www.tematika.com\/libros\/humanidades--2\/sociologia--4\/en_general--1\/que_la_fuerza_te_acompane--553022.htm\">Tematika<\/a><\/strong><\/li>\n\n\n\n<li><strong>Librer\u00edas de todo el pa\u00eds (Argentina)<\/strong><\/li>\n<\/ul>\n<\/li>\n<\/ul>\n\n\n\n<p><strong>En digital:<\/strong><\/p>\n\n\n\n<ul class=\"wp-block-list\">\n<li>\n<ul class=\"wp-block-list\">\n<li><strong><a href=\"http:\/\/www.bajalibros.com\/No-ficcion\/Que-la-fuerza-te-acompane-La-invasion-de-las-culturas-nerd-geek-y-friki-Alejandro-Soifer-eBook-20839\">BajaLibros<\/a><\/strong><\/li>\n<\/ul>\n<\/li>\n<\/ul>\n\n\n\n<h2 class=\"wp-block-heading\">&nbsp;<\/h2>\n\n\n\n<p><strong>Prensa:&nbsp;<\/strong><\/p>\n\n\n\n<p><strong>Entrevista en 360 TV<br><strong>[youtube=http:\/\/youtu.be\/5GRfQ5ErpOo]<\/strong><\/strong><\/p>\n\n\n\n<p><strong>Entrevista en Canal 26<\/strong><br>[youtube=http:\/\/youtu.be\/serkj_Ykdo8]<\/p>\n\n\n\n<p><strong>Entrevista en Desayuno Americano &#8211; Am\u00e9rica TV<\/strong><br>[youtube=http:\/\/youtu.be\/R7Y97wZuLGE]<\/p>\n\n\n\n<p><strong>PRENSA GR\u00c1FICA<\/strong> <strong>y DIGITAL<\/strong><\/p>\n\n\n\n<ul class=\"wp-block-list\">\n<li><strong><a href=\"http:\/\/issuu.com\/lagaceta\/docs\/04-08-2013_tucumanos_la_gaceta\">La Gaceta de Tucum\u00e1n<\/a><\/strong><\/li>\n\n\n\n<li><strong><a href=\"http:\/\/www.pagina12.com.ar\/diario\/suplementos\/radar\/9-8463-2012-12-16.html\">Entrevista en Radar de P\u00e1gina\/12<\/a> <\/strong>(16\/12\/2012)<\/li>\n\n\n\n<li><strong><a href=\"http:\/\/tiempo.infonews.com\/2012\/09\/16\/suplemento-cultura-85955-los-nerds-ya-no-existen-pero-que-los-hay-los-hay.php\">Entrevista en Tiempo Argentino<\/a> <\/strong>(16\/09\/2012)<\/li>\n\n\n\n<li><strong><a href=\"http:\/\/revistatonica.com\/2012\/09\/04\/pasado-y-presente-de-la-cultura-nerd\/\">Rese\u00f1a en Revista T\u00f3nica<\/a> <\/strong>(04\/09\/2012)<\/li>\n\n\n\n<li><strong><a href=\"http:\/\/www.revistaenie.clarin.com\/literatura\/no-ficcion\/Alejandro-Soifer-culturas-nerd-geek-friki_0_754724685.html\">Entrevista en Clar\u00edn<\/a>&nbsp;<\/strong>(13\/08\/2012)<\/li>\n\n\n\n<li><strong><a href=\"http:\/\/www.conexionbrando.com\/1555041\">Lectura en Revista Brando<\/a><\/strong><\/li>\n<\/ul>\n","protected":false},"excerpt":{"rendered":"<p>Que la fuerza te acompa\u00f1e es una exhaustiva investigaci\u00f3n que indaga sobre la construcci\u00f3n hist\u00f3rica de un imaginario social, cultural y pol\u00edtico encarnado en j\u00f3venes y adultos que viven con la nostalgia&nbsp;&nbsp; de una infancia perdida. Alejandro Soifer remonta al lector hasta los or\u00edgenes de la nerditud: la primera invasi\u00f3n del anim\u00e9 y los dibujos&hellip; <a class=\"more-link\" href=\"https:\/\/ajsoifer.ca\/?page_id=11\">Continue reading <span class=\"screen-reader-text\">Que la fuerza te acompa\u00f1e (cr\u00f3nica period\u00edstica)<\/span> <span class=\"meta-nav\" aria-hidden=\"true\">&rarr;<\/span><\/a><\/p>\n","protected":false},"author":1,"featured_media":0,"parent":34,"menu_order":2,"comment_status":"closed","ping_status":"closed","template":"","meta":{"om_disable_all_campaigns":false,"_monsterinsights_skip_tracking":false,"_monsterinsights_sitenote_active":false,"_monsterinsights_sitenote_note":"","_monsterinsights_sitenote_category":0,"footnotes":""},"class_list":["post-11","page","type-page","status-publish","hentry"],"aioseo_notices":[],"_links":{"self":[{"href":"https:\/\/ajsoifer.ca\/index.php?rest_route=\/wp\/v2\/pages\/11","targetHints":{"allow":["GET"]}}],"collection":[{"href":"https:\/\/ajsoifer.ca\/index.php?rest_route=\/wp\/v2\/pages"}],"about":[{"href":"https:\/\/ajsoifer.ca\/index.php?rest_route=\/wp\/v2\/types\/page"}],"author":[{"embeddable":true,"href":"https:\/\/ajsoifer.ca\/index.php?rest_route=\/wp\/v2\/users\/1"}],"replies":[{"embeddable":true,"href":"https:\/\/ajsoifer.ca\/index.php?rest_route=%2Fwp%2Fv2%2Fcomments&post=11"}],"version-history":[{"count":0,"href":"https:\/\/ajsoifer.ca\/index.php?rest_route=\/wp\/v2\/pages\/11\/revisions"}],"up":[{"embeddable":true,"href":"https:\/\/ajsoifer.ca\/index.php?rest_route=\/wp\/v2\/pages\/34"}],"wp:attachment":[{"href":"https:\/\/ajsoifer.ca\/index.php?rest_route=%2Fwp%2Fv2%2Fmedia&parent=11"}],"curies":[{"name":"wp","href":"https:\/\/api.w.org\/{rel}","templated":true}]}}