{"id":34,"date":"2014-02-18T14:43:29","date_gmt":"2014-02-18T14:43:29","guid":{"rendered":"http:\/\/ajsoifer.wordpress.com\/?page_id=34"},"modified":"2024-01-08T20:01:46","modified_gmt":"2024-01-08T20:01:46","slug":"mis-libros","status":"publish","type":"page","link":"https:\/\/ajsoifer.ca\/?page_id=34","title":{"rendered":"Mis libros"},"content":{"rendered":"\n<p><a href=\"https:\/\/app.atticus.io\/books\/cef7a08e-f6f6-4ddc-9bd9-a8ef37928fc6\">Rituales de sangre<\/a> (Saga rituales #1)<br>2da edici\u00f3n: Undercover Books (2023)<\/p>\n\n\n\n<figure class=\"wp-block-image size-large\"><a href=\"https:\/\/ajsoifer.ca\/wp-content\/uploads\/2024\/01\/Mockup-Get-2-scaled.jpg\"><img loading=\"lazy\" decoding=\"async\" width=\"1024\" height=\"630\" src=\"https:\/\/ajsoifer.ca\/wp-content\/uploads\/2024\/01\/Mockup-Get-2-1024x630.jpg\" alt=\"\" class=\"wp-image-5808\" srcset=\"https:\/\/ajsoifer.ca\/wp-content\/uploads\/2024\/01\/Mockup-Get-2-1024x630.jpg 1024w, https:\/\/ajsoifer.ca\/wp-content\/uploads\/2024\/01\/Mockup-Get-2-300x185.jpg 300w, https:\/\/ajsoifer.ca\/wp-content\/uploads\/2024\/01\/Mockup-Get-2-768x473.jpg 768w, https:\/\/ajsoifer.ca\/wp-content\/uploads\/2024\/01\/Mockup-Get-2-1536x946.jpg 1536w, https:\/\/ajsoifer.ca\/wp-content\/uploads\/2024\/01\/Mockup-Get-2-2048x1261.jpg 2048w\" sizes=\"auto, (max-width: 1024px) 100vw, 1024px\" \/><\/a><\/figure>\n\n\n\n<p><a href=\"https:\/\/app.atticus.io\/books\/cef7a08e-f6f6-4ddc-9bd9-a8ef37928fc6\">Sangre por la herida<\/a> (Saga rituales spin-off)<br>2da edici\u00f3n: Undercover Books (2023)<\/p>\n\n\n\n<figure class=\"wp-block-image size-large\"><a href=\"https:\/\/ajsoifer.files.wordpress.com\/2023\/01\/cover_mockup-1.jpg\"><img decoding=\"async\" src=\"https:\/\/ajsoifer.files.wordpress.com\/2023\/01\/cover_mockup-1.jpg?w=739\" alt=\"\" class=\"wp-image-5677\"\/><\/a><\/figure>\n\n\n\n<p><a href=\"https:\/\/app.atticus.io\/books\/cef7a08e-f6f6-4ddc-9bd9-a8ef37928fc6\">Los Lubavitch en la Argentina <\/a><br>2da edici\u00f3n: Undercover Books (2023)<\/p>\n\n\n\n<figure class=\"wp-block-image size-large\"><a href=\"https:\/\/ajsoifer.files.wordpress.com\/2023\/01\/cover_mockup.jpg\"><img decoding=\"async\" src=\"https:\/\/ajsoifer.files.wordpress.com\/2023\/01\/cover_mockup.jpg?w=739\" alt=\"\" class=\"wp-image-5642\"\/><\/a><\/figure>\n","protected":false},"excerpt":{"rendered":"<p>Rituales de sangre (Saga rituales #1)2da edici\u00f3n: Undercover Books (2023) Sangre por la herida (Saga rituales spin-off)2da edici\u00f3n: Undercover Books (2023) Los Lubavitch en la Argentina 2da edici\u00f3n: Undercover Books (2023)<\/p>\n","protected":false},"author":1,"featured_media":0,"parent":0,"menu_order":0,"comment_status":"open","ping_status":"closed","template":"","meta":{"om_disable_all_campaigns":false,"_monsterinsights_skip_tracking":false,"_monsterinsights_sitenote_active":false,"_monsterinsights_sitenote_note":"","_monsterinsights_sitenote_category":0,"footnotes":""},"class_list":["post-34","page","type-page","status-publish","hentry"],"aioseo_notices":[],"_links":{"self":[{"href":"https:\/\/ajsoifer.ca\/index.php?rest_route=\/wp\/v2\/pages\/34","targetHints":{"allow":["GET"]}}],"collection":[{"href":"https:\/\/ajsoifer.ca\/index.php?rest_route=\/wp\/v2\/pages"}],"about":[{"href":"https:\/\/ajsoifer.ca\/index.php?rest_route=\/wp\/v2\/types\/page"}],"author":[{"embeddable":true,"href":"https:\/\/ajsoifer.ca\/index.php?rest_route=\/wp\/v2\/users\/1"}],"replies":[{"embeddable":true,"href":"https:\/\/ajsoifer.ca\/index.php?rest_route=%2Fwp%2Fv2%2Fcomments&post=34"}],"version-history":[{"count":2,"href":"https:\/\/ajsoifer.ca\/index.php?rest_route=\/wp\/v2\/pages\/34\/revisions"}],"predecessor-version":[{"id":5811,"href":"https:\/\/ajsoifer.ca\/index.php?rest_route=\/wp\/v2\/pages\/34\/revisions\/5811"}],"wp:attachment":[{"href":"https:\/\/ajsoifer.ca\/index.php?rest_route=%2Fwp%2Fv2%2Fmedia&parent=34"}],"curies":[{"name":"wp","href":"https:\/\/api.w.org\/{rel}","templated":true}]}}