{"id":354,"date":"2014-08-01T12:57:29","date_gmt":"2014-08-01T12:57:29","guid":{"rendered":"http:\/\/ajsoifer.com\/?page_id=354"},"modified":"2024-01-08T19:55:59","modified_gmt":"2024-01-08T19:55:59","slug":"rituales-de-sangre","status":"publish","type":"page","link":"https:\/\/ajsoifer.ca\/?page_id=354","title":{"rendered":"Rituales de sangre"},"content":{"rendered":"\n<figure class=\"wp-block-image size-large\"><img loading=\"lazy\" decoding=\"async\" width=\"1024\" height=\"630\" src=\"http:\/\/ajsoifer.ca\/wp-content\/uploads\/2023\/07\/Mockup-Get-2-1024x630.jpg\" alt=\"Rituales de sangre\" class=\"wp-image-5787\" srcset=\"https:\/\/ajsoifer.ca\/wp-content\/uploads\/2023\/07\/Mockup-Get-2-1024x630.jpg 1024w, https:\/\/ajsoifer.ca\/wp-content\/uploads\/2023\/07\/Mockup-Get-2-300x185.jpg 300w, https:\/\/ajsoifer.ca\/wp-content\/uploads\/2023\/07\/Mockup-Get-2-768x473.jpg 768w, https:\/\/ajsoifer.ca\/wp-content\/uploads\/2023\/07\/Mockup-Get-2-1536x946.jpg 1536w, https:\/\/ajsoifer.ca\/wp-content\/uploads\/2023\/07\/Mockup-Get-2-2048x1261.jpg 2048w\" sizes=\"auto, (max-width: 1024px) 100vw, 1024px\" \/><\/figure>\n\n\n\n<h2 class=\"wp-block-heading\">SINOPSIS<\/h2>\n\n\n\n<p>Viernes despu\u00e9s de la salida de la primera estrella: una familia jud\u00eda ortodoxa se dispone a celebrar <em>shabat<\/em>, d\u00eda de descanso y alegr\u00eda. Pero esa noche algo ser\u00e1 diferente y en cambio el padre de familia asesinar\u00e1 brutalmente a su hijos y esposa antes de quitarse su propia vida. Todo parece indicar que el asesinato se trat\u00f3 de un ritual de sangre, la puesta en escena de un viejo mito antisemita por el cual los jud\u00edos se burlar\u00edan de Jesucristo imitando su pasi\u00f3n.<\/p>\n\n\n\n<p>El brutal crimen pronto impactar\u00e1 en Sheila, la hermana adolescente de la mujer asesinada con quien llevaba a\u00f1os sin hablarse y Sebasti\u00e1n, quien fuera amigo del asesino muchos a\u00f1os atr\u00e1s. Sin querer ni buscarlo sus caminos se encontrar\u00e1n en busca de la verdad acerca del crimen y a ellos se sumar\u00e1 luego Mario Quiroz, un expolic\u00eda que hace tiempo perdi\u00f3 la fe en la humanidad. Pero a cada paso que los tres den buscando qu\u00e9 se oculta detr\u00e1s del ritual de sangre, nuevos cad\u00e1veres se ir\u00e1n sumando y los rituales dejar\u00e1n de ser un mito para convertirse en una sangrienta realidad.<\/p>\n\n\n\n<p><strong>Segunda edici\u00f3n corregida.<\/strong><\/p>\n\n\n\n<p>\u201cUna novela electrizante. Me conmocion\u00f3 y me transport\u00f3 a respirar el misterio de los rituales de sangre.\u201d <strong>Laura Qui\u00f1ones Urquiza<\/strong>, perfiladora criminal, autora de <em>Rastros de sangre<\/em> y <em>Lo que cuenta la escena del crimen.<\/em><\/p>\n\n\n\n<p>&#8220;Alejandro Soifer construye una novela tensa, inquietante, que nos adentra en el lado m\u00e1s oscuro de las religiones. Adem\u00e1s nos presenta en esta historia a uno de los personajes que ya es parte del plantel estable de la literatura policiaca: Mario <em>La Iguana<\/em> Quiroz.\u201d <strong>Gast\u00f3n Intelisano<\/strong>, autor de la saga policial de Santiago Soler.<\/p>\n\n\n\n<div class=\"wp-block-buttons is-content-justification-center is-layout-flex wp-container-core-buttons-is-layout-1 wp-block-buttons-is-layout-flex\">\n<div class=\"wp-block-button\"><a class=\"wp-block-button__link wp-element-button\" href=\"https:\/\/mybook.to\/ritualesdesangre\">Cons\u00edguelo aqu\u00ed<\/a><\/div>\n<\/div>\n\n\n\n<h2 class=\"wp-block-heading\">Prensa<\/h2>\n\n\n\n<p><strong>&#8220;Hacete de Oliva&#8221; en el Canal de la Ciudad<br><\/strong><\/p>\n\n\n<p><iframe loading=\"lazy\" title=\"Entrevista en Hacete de Oliva 4 de agosto de 2015\" width=\"739\" height=\"416\" src=\"https:\/\/www.youtube.com\/embed\/FIKNJKuUbNE?feature=oembed\" frameborder=\"0\" allow=\"accelerometer; autoplay; clipboard-write; encrypted-media; gyroscope; picture-in-picture; web-share\" allowfullscreen><\/iframe><\/p>\n\n\n\n<p><strong>Infobae<br><\/strong><\/p>\n\n\n<p><iframe loading=\"lazy\" title=\"Rituales de sangre: entrevista en Infobae 31 de agosto de 2014\" width=\"739\" height=\"416\" src=\"https:\/\/www.youtube.com\/embed\/rn_QbSZbSPg?feature=oembed\" frameborder=\"0\" allow=\"accelerometer; autoplay; clipboard-write; encrypted-media; gyroscope; picture-in-picture; web-share\" allowfullscreen><\/iframe><\/p>\n\n\n\n<ul class=\"wp-block-list\">\n<li><a href=\"http:\/\/www.telam.com.ar\/notas\/201408\/75357-rituales-de-sangre-un-thriller-en-el-corazon-del-judaismo-ortodoxo.html\" target=\"_blank\" rel=\"noreferrer noopener\"><strong>&nbsp;&#8220;Un thriller en el coraz\u00f3n del juda\u00edsmo ortodoxo&#8221;: entrevista en Agencia T\u00e9lam<\/strong><\/a><\/li>\n\n\n\n<li><strong><a href=\"http:\/\/www.infobae.com\/2014\/08\/31\/1591490-el-policial-es-el-genero-las-pasiones-humanas-mas-basicas\" target=\"_blank\" rel=\"noreferrer noopener\">&#8220;El policial es el g\u00e9nero de las pasiones humanas m\u00e1s basicas&#8221;: entrevista en Infobae.com<\/a><\/strong><\/li>\n\n\n\n<li><strong><a href=\"http:\/\/www.lmcordoba.com.ar\/nota\/178339_alejandro-soiferel-genero-policial-vive-un-momento-de-gran-efervescencia\">&#8220;El g\u00e9nero policial vive un momento de gran efervesencia&#8221;: entrevista en La ma\u00f1ana de C\u00f3rdoba<\/a><\/strong><\/li>\n\n\n\n<li><strong><a href=\"http:\/\/www.lavoz.com.ar\/ciudad-equis\/parte-de-la-religion\" target=\"_blank\" rel=\"noreferrer noopener\">&#8220;Parte de la religi\u00f3n&#8221;: entrevista en La Voz del interior (C\u00f3rdoba)<\/a><\/strong><\/li>\n\n\n\n<li><strong><a href=\"http:\/\/www.lacapitalmdp.com\/noticias\/Espectaculos\/2014\/09\/14\/268692.htm\" target=\"_blank\" rel=\"noreferrer noopener\"><span style=\"text-decoration: underline\">&#8220;Electrizante libro con el juda\u00edsmo ortodoxo como columna principal&#8221;: entrevista en La Capital de Mar del Plata<\/span><\/a><\/strong><\/li>\n\n\n\n<li><span style=\"text-decoration: underline\"><a href=\"http:\/\/www.infonews.com\/2014\/10\/26\/sociedad-169091-literatura-un-genero-en-alza-en-argentina.php\" target=\"_blank\" rel=\"noreferrer noopener\">&#8220;<strong>Literatura: un g\u00e9nero en alza en Argentina&#8221; (acerca del g\u00e9nero policial, con entrevistas a varios escritores de g\u00e9nero incluido yo) por Walter Lezcano en Tiempo Argentino<\/strong><\/a><\/span><\/li>\n\n\n\n<li><strong><a href=\"https:\/\/medium.com\/@fragmentario\/un-policial-en-serio-9d654a96b73f\" target=\"_blank\" rel=\"noreferrer noopener\">&#8220;Un policial en serio&#8221; por Mart\u00edn Quintana en Medium<\/a><\/strong><\/li>\n\n\n\n<li><strong><a href=\"http:\/\/pressargentina.wordpress.com\/2014\/08\/01\/rituales-de-sangre-lo-nuevo-de-alejandro-soifer\/\" target=\"_blank\" rel=\"noreferrer noopener\">Mini-entrevista en PressArgentina<\/a><\/strong><\/li>\n\n\n\n<li><strong><a href=\"http:\/\/ajsoifer.com\/2014\/11\/04\/entrevista-en-eterna-cadencia\/\" target=\"_blank\" rel=\"noreferrer noopener\">Entrevista en Eterna Cadencia (junto a Enzo Maqueira) el 28\/10\/2014<\/a><\/strong><\/li>\n\n\n\n<li><strong><a href=\"http:\/\/www.noticiaseditoriales.com\/2015\/01\/resena-rituales-de-sangre-de-alejandro.html\" target=\"_blank\" rel=\"noreferrer noopener\">Rese\u00f1a en Noticias Editoriales&nbsp;por Mat\u00edas Bragagnolo<\/a><\/strong><\/li>\n\n\n\n<li><strong><a href=\"http:\/\/evaristocultural.com.ar\/?p=92\" target=\"_blank\" rel=\"noreferrer noopener\">Cr\u00edmenes rituales (entrevista en Evaristo Cultural)<\/a><\/strong><\/li>\n<\/ul>\n\n\n\n<!--more-->\n\n\n\n<h2 class=\"wp-block-heading\">Adelanto<\/h2>\n\n\n\n<h2 class=\"wp-block-heading\"><strong>Pr\u00f3logo<\/strong><\/h2>\n\n\n\n<h2 class=\"wp-block-heading\"><strong>Viernes 3 de febrero<\/strong><\/h2>\n\n\n\n<p>La noche en la que la familia Waistein iba a morir se parec\u00eda a cualquier otra noche de viernes en la que la familia se preparaba para recibir el <em class=\"slate-italic root-1\">shabat<\/em>.<\/p>\n\n\n\n<p>Aunque en realidad, no era exactamente igual a cualquier otra noche de viernes y la peque\u00f1a Sharon se hab\u00eda dado cuenta de eso.<\/p>\n\n\n\n<p>Jaia gui\u00f3 la manito de su hija con el f\u00f3sforo encendido, hasta que la \u00faltima vela estuvo encendida y le dedic\u00f3 una mirada a su marido que hab\u00eda vuelto temprano del templo. El rabino rezaba susurrando palabras en hebreo a toda velocidad; su cuerpo iba y ven\u00eda en un vaiv\u00e9n que acercaba el ala de su sombrero a la pared.<\/p>\n\n\n\n<p>\u2014Mam\u00e1, \u00bfcu\u00e1ndo comemos?<\/p>\n\n\n\n<p>La mujer se llev\u00f3 el dedo a los labios y le indic\u00f3 a su hija que hiciera silencio.<\/p>\n\n\n\n<p>La nena estaba fastidiosa. Hab\u00eda sido una tarde larga; al ser viernes hab\u00eda salido antes del jard\u00edn de infantes, por lo que a las tres de la tarde ya hab\u00eda estado en casa, hab\u00eda ayudado a su madre a dejar todo preparado para la ceremonia de esa noche y tambi\u00e9n hab\u00eda colaborado con el cuidado de su hermano Mendel, que acababa de cumplir un a\u00f1o. El rabino hab\u00eda pasado horas de esa tarde armando una cosa de maderas cruzadas que ocupaba el centro del living comedor, justo a la altura en la que, en el fondo de la habitaci\u00f3n, colgado de una pared, el retrato del \u00faltimo l\u00edder de <em class=\"slate-italic root-1\">Tikv\u00e1 Zhitomir<\/em> dominaba con su cara de r\u00edgida seriedad la vida familiar.<\/p>\n\n\n\n<p>\u2014Mam\u00e1, \u00bfpara qu\u00e9 es eso? \u2014susurr\u00f3 la nena se\u00f1alando lo que hab\u00eda estado haciendo su padre. Pero la mujer no le respondi\u00f3.<\/p>\n\n\n\n<p>Sharon se aburr\u00eda.<\/p>\n\n\n\n<p>\u2014Cuidalo a Mendel \u2014le dijo Jaia y se levant\u00f3 del sill\u00f3n para acercarse a su marido que acaba de exhalar la \u00faltima s\u00edlaba de su rezo.<\/p>\n\n\n\n<p>\u2014Es hora de cenar \u2014le dijo y el rabino asinti\u00f3 con la cabeza.<\/p>\n\n\n\n<p>\u2014\u00bfEst\u00e1 todo listo?<\/p>\n\n\n\n<p>Jaia no le respondi\u00f3. Sali\u00f3 del living y se meti\u00f3 en el dormitorio que compart\u00edan.<\/p>\n\n\n\n<p>El hombre se sec\u00f3 el sudor de la frente con la manga del saco negro. Se acomod\u00f3 la corbata hasta dejarla bien alineada justo en el centro de la camisa blanca.<\/p>\n\n\n\n<p>Jaia volvi\u00f3 del dormitorio, sosten\u00eda algo en las manos que hizo sobresaltar a la nena. Mendel empez\u00f3 a lloriquear, hab\u00eda percibido la preocupaci\u00f3n de su hermana. Sharon lo calm\u00f3 como pudo, pero ella misma sent\u00eda que no pod\u00eda quedarse quieta o tranquila. Su madre apoy\u00f3 el tejido circular de tallos de rosas espinosas sobre la mesa como si fuera algo natural, un objeto cotidiano al que siempre le hubiera estado destinado ese lugar, como parte de uno de los innumerables ritos que les exig\u00eda la religi\u00f3n. Sharon mir\u00f3 el objeto, intent\u00f3 entenderlo.<\/p>\n\n\n\n<p>\u2014\u00bfQu\u00e9 es esto, mami?<\/p>\n\n\n\n<p>Jaia la call\u00f3:<\/p>\n\n\n\n<p>\u2014Ayudame a servir la mesa.<\/p>\n\n\n\n<p>La nena busc\u00f3 la confirmaci\u00f3n de su padre que asinti\u00f3 con la cabeza, al tiempo que levantaba en sus brazos a Mendel.<\/p>\n\n\n\n<p>Las mujeres trajeron la cena y cuando todo estuvo perfectamente dispuesto, se sentaron del lado derecho. El rabino sirvi\u00f3 vino sobre una copa que rebas\u00f3 dejando en el mantel un gran manch\u00f3n rub\u00ed, y recit\u00f3 una oraci\u00f3n. Luego tom\u00f3 la copa, se llen\u00f3 la boca de un trago y se la pas\u00f3 a su mujer que bebi\u00f3 a su vez.<\/p>\n\n\n\n<p>Cuando hab\u00edan cumplido con el ritual, el rabino indic\u00f3 que era hora del lavado de manos ritual. Pasaron a la cocina donde, uno a uno, fueron arroj\u00e1ndose agua sobre las manos con una jarra que ten\u00eda dos agarres. Primero se derramaron agua con la mano izquierda sobre la derecha y luego a la inversa. Recitaron una oraci\u00f3n r\u00e1pida mientras realizaban la ceremonia. Era <em class=\"slate-italic root-1\">shabat <\/em>pero la alegr\u00eda que acompa\u00f1aba la fiesta no estaba presente esa noche. Sharon lo sent\u00eda, lo hab\u00eda visto y por eso estaba nerviosa, pero no lograba entender qu\u00e9 estaba pasando, por qu\u00e9 sus padres parec\u00edan tan preocupados esa noche.<\/p>\n\n\n\n<p>Volvieron a la mesa, el rabino corri\u00f3 el mantel que cubr\u00eda las dos hogazas del pan ceremonial y recit\u00f3: \u201cBaruj at\u00e1 Adonai, eloheinu melej ha\u00b4olam, hamotzi lejem min ha\u00b4aretz\u201d a lo que la mujer y la ni\u00f1a respondieron \u201cAm\u00e9n\u201d. El hombre tom\u00f3 uno de los panes trenzados en sus manos y parti\u00f3 un trozo. Ese era el momento en el que deb\u00edan hacer silencio completo. Sharon ya se hab\u00eda aprendido esa parte del silencio hasta que su padre terminara de pasar el pan por la sal que hab\u00eda derramado encima del mantel de pl\u00e1stico. Sumergi\u00f3 tres veces el pan en la sal con un movimiento autom\u00e1tico, comi\u00f3 un bocado y les pas\u00f3 un trozo a su mujer y a sus hijos que tambi\u00e9n lo probaron.<\/p>\n\n\n\n<p>\u2014\u00bfPor qu\u00e9 esta noche no tenemos invitados? \u2014pregunt\u00f3 Sharon.<\/p>\n\n\n\n<p>Jaia empez\u00f3 una respuesta pero se call\u00f3 ante un gesto de su marido.<\/p>\n\n\n\n<p>\u2014Hoy es una noche especial, querida \u2014dijo el rabino.<\/p>\n\n\n\n<p>La nena no se conform\u00f3:<\/p>\n\n\n\n<p>\u2014\u00bfPara qu\u00e9 sirven esas cosas? \u2014dijo se\u00f1alando con los ojos la gran cruz de madera que ocupaba el centro del living.<\/p>\n\n\n\n<p>El rabino se aclar\u00f3 la garganta, transpiraba de nuevo, sent\u00eda que el calor lo sofocaba.<\/p>\n\n\n\n<p>\u2014Com\u00e9 y callate; una ni\u00f1a no debe hacer tantas preguntas \u2014le respondi\u00f3 su madre sirvi\u00e9ndole <em class=\"slate-italic root-1\">guefilte fish<\/em>.<\/p>\n\n\n\n<p>La nena pinch\u00f3 con el tenedor la carne de pescado que se deshizo con facilidad y se llev\u00f3 un primer bocado a la boca. Sinti\u00f3 un gusto raro, agrio e inmediatamente cay\u00f3 dormida arriba del plato. Jaia coloc\u00f3 un trozo del pescado en la boca de Mendel con la cuchara. El beb\u00e9 no quer\u00eda tragar pero la madre se lo empuj\u00f3 adentro hasta que lo degluti\u00f3 y en un instante \u00e9l tambi\u00e9n cay\u00f3 desmayado sobre la mesa. El matrimonio se levant\u00f3, la mujer se desabroch\u00f3 la camisa, se baj\u00f3 la pollera y la bombacha, qued\u00f3 desnuda, tom\u00f3 la corona de espinas que hab\u00edan apoyado sobre la mesa antes de empezar a cenar y se la coloc\u00f3 en la cabeza. El hombre volvi\u00f3 de la cocina con un cuchillo para cortar carne.<\/p>\n\n\n\n<p>Cada uno sab\u00eda lo que ten\u00eda que hacer.<\/p>\n\n\n\n<p>La mujer se par\u00f3 al lado de la cruz.<\/p>\n\n\n\n<p>\u2014Falta el recipiente \u2014dijo.<\/p>\n\n\n\n<p>\u2014Ya lo traigo \u2014dijo su marido y atraves\u00f3 la cocina hasta el lavadero. Volvi\u00f3 con una cubeta de madera fijada por anillos y clavos de hierro.<\/p>\n\n\n\n<p>\u2014Es hora.<\/p>\n\n\n\n<p>La mujer acost\u00f3 sobre la cruz de madera. Se acomod\u00f3 sobre ella con los brazos extendidos y junt\u00f3 las piernas.<\/p>\n\n\n\n<p>\u2014El martillo y los clavos.<\/p>\n\n\n\n<p>El rabino le coloc\u00f3 un trozo de madera suelta en la boca a su mujer que lo mordi\u00f3 y cuando ella asinti\u00f3 con la cabeza comenz\u00f3 a rezar en voz alta. Aplic\u00f3 el primer golpe del martillo sobre la palma de la mano extendida de su esposa. Le siguieron dos golpes m\u00e1s, violentos y profundos. Pudo escuchar el crujir de los huesos, el desgarro de los m\u00fasculos. Jaia mord\u00eda la madera con fuerza, aceptaba su destino con valent\u00eda. Unas l\u00e1grimas le surcaron las mejillas. El rabino hizo lo mismo con la otra mano de su mujer. Rezaba a los gritos. Cuando termin\u00f3, se encarg\u00f3 de los pies. Cada golpe que aplicaba le sacaba un rezo m\u00e1s fuerte del interior. La mujer mord\u00eda la madera para no gritar y lloraba. Cuando el rabino sinti\u00f3 que su mujer ya estaba bien asegurada a la cruz, tir\u00f3 de una cadena que se desliz\u00f3 por la polea hasta levantar el cuerpo crucificado de su mujer.<\/p>\n\n\n\n<p>La mujer no volvi\u00f3 a abrir los ojos. El hombre se ubic\u00f3 a su izquierda y con el cuchillo de cocina en la mano rez\u00f3 muy fuerte mientras la atravesaba con el cuchillo entre su cuarta y quinta costilla. Un chorro de sangre ti\u00f1\u00f3 la alfombra y luego empez\u00f3 a deslizarse por el cuerpo de la mujer goteando hacia la cubeta de madera. El rabino bes\u00f3 el filo ensangrentado del cuchillo y en un movimiento r\u00e1pido cort\u00f3 el cuello a su mujer.<\/p>\n\n\n\n<p>Fue hasta la mesa y con cari\u00f1o apoy\u00f3 el filo contra la yugular de su hija Sharon de cinco a\u00f1os. Hizo el corte sin vacilar. Luego hizo lo mismo con Mendel.<\/p>\n\n\n\n<p>Tom\u00f3 una de las sillas vac\u00edas de la mesa familiar y la coloc\u00f3 justo debajo del gancho en el techo que hab\u00eda colocado la semana anterior. Enhebr\u00f3 una soga, se subi\u00f3 a la silla y se la coloc\u00f3 alrededor del cuello. Rez\u00f3 por \u00faltima vez antes de patear la silla y quedar suspendido en el aire. El sonido seco que hizo su cuello cuando se parti\u00f3 solo pudo ser escuchado por la figura severa del \u00faltimo rebe de <em class=\"slate-italic root-1\">Tikv\u00e1 Zhitomir<\/em> que segu\u00eda dominando la escena desde el retrato en la pared del fondo.<\/p>\n","protected":false},"excerpt":{"rendered":"<p>SINOPSIS Viernes despu\u00e9s de la salida de la primera estrella: una familia jud\u00eda ortodoxa se dispone a celebrar shabat, d\u00eda de descanso y alegr\u00eda. Pero esa noche algo ser\u00e1 diferente y en cambio el padre de familia asesinar\u00e1 brutalmente a su hijos y esposa antes de quitarse su propia vida. Todo parece indicar que el&hellip; <a class=\"more-link\" href=\"https:\/\/ajsoifer.ca\/?page_id=354\">Continue reading <span class=\"screen-reader-text\">Rituales de sangre<\/span> <span class=\"meta-nav\" aria-hidden=\"true\">&rarr;<\/span><\/a><\/p>\n","protected":false},"author":1,"featured_media":0,"parent":34,"menu_order":1,"comment_status":"closed","ping_status":"open","template":"","meta":{"om_disable_all_campaigns":false,"_monsterinsights_skip_tracking":false,"_monsterinsights_sitenote_active":false,"_monsterinsights_sitenote_note":"","_monsterinsights_sitenote_category":0,"footnotes":""},"class_list":["post-354","page","type-page","status-publish","hentry"],"aioseo_notices":[],"_links":{"self":[{"href":"https:\/\/ajsoifer.ca\/index.php?rest_route=\/wp\/v2\/pages\/354","targetHints":{"allow":["GET"]}}],"collection":[{"href":"https:\/\/ajsoifer.ca\/index.php?rest_route=\/wp\/v2\/pages"}],"about":[{"href":"https:\/\/ajsoifer.ca\/index.php?rest_route=\/wp\/v2\/types\/page"}],"author":[{"embeddable":true,"href":"https:\/\/ajsoifer.ca\/index.php?rest_route=\/wp\/v2\/users\/1"}],"replies":[{"embeddable":true,"href":"https:\/\/ajsoifer.ca\/index.php?rest_route=%2Fwp%2Fv2%2Fcomments&post=354"}],"version-history":[{"count":1,"href":"https:\/\/ajsoifer.ca\/index.php?rest_route=\/wp\/v2\/pages\/354\/revisions"}],"predecessor-version":[{"id":5801,"href":"https:\/\/ajsoifer.ca\/index.php?rest_route=\/wp\/v2\/pages\/354\/revisions\/5801"}],"up":[{"embeddable":true,"href":"https:\/\/ajsoifer.ca\/index.php?rest_route=\/wp\/v2\/pages\/34"}],"wp:attachment":[{"href":"https:\/\/ajsoifer.ca\/index.php?rest_route=%2Fwp%2Fv2%2Fmedia&parent=354"}],"curies":[{"name":"wp","href":"https:\/\/api.w.org\/{rel}","templated":true}]}}