{"id":5607,"date":"2023-01-11T18:09:24","date_gmt":"2023-01-11T18:09:24","guid":{"rendered":"https:\/\/ajsoifer.wordpress.com\/?page_id=5607"},"modified":"2024-01-08T19:52:01","modified_gmt":"2024-01-08T19:52:01","slug":"bienvenido","status":"publish","type":"page","link":"https:\/\/ajsoifer.ca\/","title":{"rendered":"Acerca de m\u00ed"},"content":{"rendered":"\n<p><\/p>\n\n\n\n<div class=\"wp-block-media-text alignwide is-stacked-on-mobile\"><figure class=\"wp-block-media-text__media\"><img decoding=\"async\" src=\"https:\/\/ajsoifer.files.wordpress.com\/2023\/01\/03c0dada-83e9-42d2-abaa-49c07e663cd8-1.jpg?w=819\" alt=\"\" class=\"wp-image-5617 size-full\"\/><\/figure><div class=\"wp-block-media-text__content\">\n<p>Soy licenciado y profesor de Letras por la Universidad de Buenos Aires y Master of Arts y Ph.D. en Hispanic Studies (con especializaci\u00f3n en literatura latinoamericana) por la University of Toronto (Canad\u00e1).<\/p>\n\n\n\n<p>Soy el autor de varios libros de ficci\u00f3n (en los g\u00e9neros del misterio\/thriller) y no-ficci\u00f3n as\u00ed como art\u00edculos period\u00edsticos.<\/p>\n\n\n\n<p>Cuento con m\u00e1s de diez a\u00f1os de experiencia como profesor en nivel medio y universitario en Argentina y Canad\u00e1.<\/p>\n\n\n\n<p>Vivo en Toronto desde el a\u00f1o 2017.<\/p>\n<\/div><\/div>\n\n\n\n<p><\/p>\n","protected":false},"excerpt":{"rendered":"<p>Soy licenciado y profesor de Letras por la Universidad de Buenos Aires y Master of Arts y Ph.D. en Hispanic Studies (con especializaci\u00f3n en literatura latinoamericana) por la University of Toronto (Canad\u00e1). Soy el autor de varios libros de ficci\u00f3n (en los g\u00e9neros del misterio\/thriller) y no-ficci\u00f3n as\u00ed como art\u00edculos period\u00edsticos. Cuento con m\u00e1s de&hellip; <a class=\"more-link\" href=\"https:\/\/ajsoifer.ca\/\">Continue reading <span class=\"screen-reader-text\">Acerca de m\u00ed<\/span> <span class=\"meta-nav\" aria-hidden=\"true\">&rarr;<\/span><\/a><\/p>\n","protected":false},"author":1,"featured_media":0,"parent":0,"menu_order":0,"comment_status":"closed","ping_status":"closed","template":"","meta":{"om_disable_all_campaigns":false,"_monsterinsights_skip_tracking":false,"_monsterinsights_sitenote_active":false,"_monsterinsights_sitenote_note":"","_monsterinsights_sitenote_category":0,"footnotes":""},"class_list":["post-5607","page","type-page","status-publish","hentry"],"aioseo_notices":[],"_links":{"self":[{"href":"https:\/\/ajsoifer.ca\/index.php?rest_route=\/wp\/v2\/pages\/5607","targetHints":{"allow":["GET"]}}],"collection":[{"href":"https:\/\/ajsoifer.ca\/index.php?rest_route=\/wp\/v2\/pages"}],"about":[{"href":"https:\/\/ajsoifer.ca\/index.php?rest_route=\/wp\/v2\/types\/page"}],"author":[{"embeddable":true,"href":"https:\/\/ajsoifer.ca\/index.php?rest_route=\/wp\/v2\/users\/1"}],"replies":[{"embeddable":true,"href":"https:\/\/ajsoifer.ca\/index.php?rest_route=%2Fwp%2Fv2%2Fcomments&post=5607"}],"version-history":[{"count":4,"href":"https:\/\/ajsoifer.ca\/index.php?rest_route=\/wp\/v2\/pages\/5607\/revisions"}],"predecessor-version":[{"id":5794,"href":"https:\/\/ajsoifer.ca\/index.php?rest_route=\/wp\/v2\/pages\/5607\/revisions\/5794"}],"wp:attachment":[{"href":"https:\/\/ajsoifer.ca\/index.php?rest_route=%2Fwp%2Fv2%2Fmedia&parent=5607"}],"curies":[{"name":"wp","href":"https:\/\/api.w.org\/{rel}","templated":true}]}}