{"id":5639,"date":"2023-01-11T18:50:25","date_gmt":"2023-01-11T23:50:25","guid":{"rendered":"https:\/\/ajsoifer.wordpress.com\/?page_id=5639"},"modified":"2023-01-11T18:50:25","modified_gmt":"2023-01-11T23:50:25","slug":"los-lubavitch-en-la-argentina-cronica-periodistica","status":"publish","type":"page","link":"https:\/\/ajsoifer.ca\/?page_id=5639","title":{"rendered":"Los Lubavitch en la Argentina (cr\u00f3nica period\u00edstica)"},"content":{"rendered":"\n<h3 class=\"wp-block-heading\"><strong><img loading=\"lazy\" decoding=\"async\" class=\"alignnone size-full wp-image-5642\" src=\"https:\/\/ajsoifer.files.wordpress.com\/2023\/01\/cover_mockup.jpg\" alt=\"Cover_Mockup\" width=\"4000\" height=\"2667\"><\/strong><\/h3>\n\n\n\n<p>\u201cCuidate que no te laven el cerebro\u201d; \u201cmir\u00e1 que hay historias muy turbias sobre ellos\u201d; \u201cson delirantes, creen en que su l\u00edder muerto va a resucitar y ser\u00e1 el Mes\u00edas\u201d. Estas y muchas cosas m\u00e1s se han dicho acerca de Jabad Lubavitch pero \u00bfqu\u00e9 hay de cierto y qu\u00e9 de mito en el mete\u00f3rico ascenso del grupo m\u00e1s vistoso de jud\u00edos ortodoxos en las \u00faltimas tres d\u00e9cadas?<\/p>\n\n\n\n<p>Luego de la Segunda Guerra Mundial y bajo el carism\u00e1tico mando del rabino Menachem Mendel Schneerson, Jabad Lubavitch se expandi\u00f3 por todos los rincones del mundo a paso firme y seguro, siendo hoy en d\u00eda sin\u00f3nimo de juda\u00edsmo ortodoxo en un mundo cada vez m\u00e1s secularizado.<\/p>\n\n\n\n<p>A partir de cientos de entrevistas, testimonios, cr\u00f3nicas y trabajo de archivo, Alejandro Soifer, Ph.D., provee en este libro una intensiva y honesta mirada acerca de Jabad Lubavitch, desde sus or\u00edgenes hasta la actualidad. A trav\u00e9s de estas p\u00e1ginas el lector aprender\u00e1 c\u00f3mo opera Jabad en todo el mundo, cu\u00e1les son sus probados m\u00e9todos de \u201cm\u00e1rketing\u201d espiritual, cu\u00e1les son sus objetivos y de qu\u00e9 modo los est\u00e1 consiguiendo.<\/p>\n\n\n\n<p>2da edici\u00f3n.<\/p>\n\n\n\n<div class=\"wp-block-buttons is-content-justification-center is-layout-flex wp-container-core-buttons-is-layout-1 wp-block-buttons-is-layout-flex\">\n<div class=\"wp-block-button\"><a class=\"wp-block-button__link wp-element-button\" href=\"https:\/\/mybook.to\/lubavitch\" target=\"_blank\" rel=\"noreferrer noopener\">Cons\u00edguelo aqu\u00ed<\/a><\/div>\n<\/div>\n","protected":false},"excerpt":{"rendered":"<p>\u201cCuidate que no te laven el cerebro\u201d; \u201cmir\u00e1 que hay historias muy turbias sobre ellos\u201d; \u201cson delirantes, creen en que su l\u00edder muerto va a resucitar y ser\u00e1 el Mes\u00edas\u201d. Estas y muchas cosas m\u00e1s se han dicho acerca de Jabad Lubavitch pero \u00bfqu\u00e9 hay de cierto y qu\u00e9 de mito en el mete\u00f3rico ascenso&hellip; <a class=\"more-link\" href=\"https:\/\/ajsoifer.ca\/?page_id=5639\">Continue reading <span class=\"screen-reader-text\">Los Lubavitch en la Argentina (cr\u00f3nica period\u00edstica)<\/span> <span class=\"meta-nav\" aria-hidden=\"true\">&rarr;<\/span><\/a><\/p>\n","protected":false},"author":1,"featured_media":0,"parent":0,"menu_order":0,"comment_status":"closed","ping_status":"open","template":"","meta":{"om_disable_all_campaigns":false,"_monsterinsights_skip_tracking":false,"_monsterinsights_sitenote_active":false,"_monsterinsights_sitenote_note":"","_monsterinsights_sitenote_category":0,"footnotes":""},"class_list":["post-5639","page","type-page","status-publish","hentry"],"aioseo_notices":[],"_links":{"self":[{"href":"https:\/\/ajsoifer.ca\/index.php?rest_route=\/wp\/v2\/pages\/5639","targetHints":{"allow":["GET"]}}],"collection":[{"href":"https:\/\/ajsoifer.ca\/index.php?rest_route=\/wp\/v2\/pages"}],"about":[{"href":"https:\/\/ajsoifer.ca\/index.php?rest_route=\/wp\/v2\/types\/page"}],"author":[{"embeddable":true,"href":"https:\/\/ajsoifer.ca\/index.php?rest_route=\/wp\/v2\/users\/1"}],"replies":[{"embeddable":true,"href":"https:\/\/ajsoifer.ca\/index.php?rest_route=%2Fwp%2Fv2%2Fcomments&post=5639"}],"version-history":[{"count":0,"href":"https:\/\/ajsoifer.ca\/index.php?rest_route=\/wp\/v2\/pages\/5639\/revisions"}],"wp:attachment":[{"href":"https:\/\/ajsoifer.ca\/index.php?rest_route=%2Fwp%2Fv2%2Fmedia&parent=5639"}],"curies":[{"name":"wp","href":"https:\/\/api.w.org\/{rel}","templated":true}]}}