{"id":5648,"date":"2023-01-11T18:59:11","date_gmt":"2023-01-11T18:59:11","guid":{"rendered":"https:\/\/ajsoifer.wordpress.com\/?page_id=5648"},"modified":"2024-01-08T19:59:40","modified_gmt":"2024-01-08T19:59:40","slug":"sangre-por-la-herida-2","status":"publish","type":"page","link":"https:\/\/ajsoifer.ca\/?page_id=5648","title":{"rendered":"Sangre por la herida"},"content":{"rendered":"\n<figure class=\"wp-block-image size-large\"><a href=\"https:\/\/ajsoifer.files.wordpress.com\/2023\/01\/cover_mockup-1.jpg\"><img decoding=\"async\" src=\"https:\/\/ajsoifer.files.wordpress.com\/2023\/01\/cover_mockup-1.jpg?w=1024\" alt=\"\" class=\"wp-image-5677\"\/><\/a><\/figure>\n\n\n\n<p><\/p>\n\n\n\n<h2 class=\"wp-block-heading\">SINOPSIS<\/h2>\n\n\n\n<p>Luego haber ayudado a resolver el misterio de los cr\u00edmenes rituales en una comunidad jud\u00eda ortodoxa en&nbsp;<em>Rituales de sangre<\/em>, Mario Quiroz se involucra como guardaespaldas de Walter \u201cel Inca\u201d Ayala, un narco peruano que ha conquistado el bajo mundo del tr\u00e1fico de drogas. El momento no podr\u00eda ser peor: Ayala y su antiguo socio, Franklin \u201cel Loco\u201d Bautista, acaban de entrar en una guerra de bandas signada por las traiciones mutuas y la violencia.<\/p>\n\n\n\n<p>A pesar de todo, el nuevo trabajo de Quiroz parece ir bien. Esto es hasta que una noche, Ayala le pide que siga a su novia, una tal Luc\u00eda Zabala, de la que sospecha que le est\u00e1 siendo infiel. Entonces las cosas se complicar\u00e1n. Pronto habr\u00e1 un cad\u00e1ver al que luego se le sumar\u00e1n varios m\u00e1s y as\u00ed Mario Quiroz se encontrar\u00e1 a la fuga, escapando de una venganza, intentando salvar su vida y la de quienes aprender\u00e1 a querer muy a su pesar en una aventura llena de violencia y acci\u00f3n.<\/p>\n\n\n\n<p><em>Sangre por la herida<\/em> es una historia independiente en el mundo de la <em>saga Rituales <\/em>que se ubica temporalmente entre <em>Rituales de sangre<\/em> y <em>Rituales de l\u00e1grimas<\/em>.<\/p>\n\n\n\n<div class=\"wp-block-buttons is-content-justification-center is-layout-flex wp-container-core-buttons-is-layout-1 wp-block-buttons-is-layout-flex\">\n<div class=\"wp-block-button\"><a class=\"wp-block-button__link wp-element-button\" href=\"https:\/\/mybook.to\/sangrexlaheridasoifer\">Cons\u00edguela aqu\u00ed<\/a><\/div>\n<\/div>\n\n\n\n<p><\/p>\n\n\n\n<h2 class=\"wp-block-heading\">&nbsp;<strong>Caracter\u00edsticas principales:&nbsp;<\/strong><\/h2>\n\n\n\n<ul class=\"wp-block-list\">\n<li><strong>Un hard-boiled puro y duro que no da respiro.<\/strong><\/li>\n\n\n\n<li><strong>Novela finalista del Concurso BAN! &#8211; Extremo Negro 2015.<\/strong><\/li>\n\n\n\n<li><strong>Incluye en exclusiva el primer cap\u00edtulo de <em>El camino del Inca<\/em>, la precuela de <em>Sangre por la herida<\/em>.<\/strong><\/li>\n\n\n\n<li><strong>Disponible en edici\u00f3n papel y digital.<\/strong><\/li>\n\n\n\n<li><strong>Incluye 30 ilustraciones originales de C.J. Camba en la edici\u00f3n en papel.<\/strong><\/li>\n<\/ul>\n","protected":false},"excerpt":{"rendered":"<p>SINOPSIS Luego haber ayudado a resolver el misterio de los cr\u00edmenes rituales en una comunidad jud\u00eda ortodoxa en&nbsp;Rituales de sangre, Mario Quiroz se involucra como guardaespaldas de Walter \u201cel Inca\u201d Ayala, un narco peruano que ha conquistado el bajo mundo del tr\u00e1fico de drogas. El momento no podr\u00eda ser peor: Ayala y su antiguo socio,&hellip; <a class=\"more-link\" href=\"https:\/\/ajsoifer.ca\/?page_id=5648\">Continue reading <span class=\"screen-reader-text\">Sangre por la herida<\/span> <span class=\"meta-nav\" aria-hidden=\"true\">&rarr;<\/span><\/a><\/p>\n","protected":false},"author":1,"featured_media":0,"parent":0,"menu_order":0,"comment_status":"closed","ping_status":"closed","template":"","meta":{"om_disable_all_campaigns":false,"_monsterinsights_skip_tracking":false,"_monsterinsights_sitenote_active":false,"_monsterinsights_sitenote_note":"","_monsterinsights_sitenote_category":0,"footnotes":""},"class_list":["post-5648","page","type-page","status-publish","hentry"],"aioseo_notices":[],"_links":{"self":[{"href":"https:\/\/ajsoifer.ca\/index.php?rest_route=\/wp\/v2\/pages\/5648","targetHints":{"allow":["GET"]}}],"collection":[{"href":"https:\/\/ajsoifer.ca\/index.php?rest_route=\/wp\/v2\/pages"}],"about":[{"href":"https:\/\/ajsoifer.ca\/index.php?rest_route=\/wp\/v2\/types\/page"}],"author":[{"embeddable":true,"href":"https:\/\/ajsoifer.ca\/index.php?rest_route=\/wp\/v2\/users\/1"}],"replies":[{"embeddable":true,"href":"https:\/\/ajsoifer.ca\/index.php?rest_route=%2Fwp%2Fv2%2Fcomments&post=5648"}],"version-history":[{"count":3,"href":"https:\/\/ajsoifer.ca\/index.php?rest_route=\/wp\/v2\/pages\/5648\/revisions"}],"predecessor-version":[{"id":5807,"href":"https:\/\/ajsoifer.ca\/index.php?rest_route=\/wp\/v2\/pages\/5648\/revisions\/5807"}],"wp:attachment":[{"href":"https:\/\/ajsoifer.ca\/index.php?rest_route=%2Fwp%2Fv2%2Fmedia&parent=5648"}],"curies":[{"name":"wp","href":"https:\/\/api.w.org\/{rel}","templated":true}]}}