{"id":5733,"date":"2023-02-28T12:02:13","date_gmt":"2023-02-28T17:02:13","guid":{"rendered":"https:\/\/ajsoifer.ca\/?page_id=5733"},"modified":"2023-06-26T20:16:46","modified_gmt":"2023-06-26T20:16:46","slug":"reality-death-show","status":"publish","type":"page","link":"https:\/\/ajsoifer.ca\/?page_id=5733","title":{"rendered":"Reality Death Show"},"content":{"rendered":"<div class=\"wp-block-image\">\n<figure class=\"aligncenter size-large\"><a href=\"https:\/\/ajsoifer.ca\/wp-content\/uploads\/2023\/06\/Reality-Death-Show-scaled.jpg\"><img loading=\"lazy\" decoding=\"async\" width=\"642\" height=\"1024\" src=\"https:\/\/ajsoifer.ca\/wp-content\/uploads\/2023\/06\/Reality-Death-Show-642x1024.jpg\" alt=\"\" class=\"wp-image-5781\" srcset=\"https:\/\/ajsoifer.ca\/wp-content\/uploads\/2023\/06\/Reality-Death-Show-642x1024.jpg 642w, https:\/\/ajsoifer.ca\/wp-content\/uploads\/2023\/06\/Reality-Death-Show-188x300.jpg 188w, https:\/\/ajsoifer.ca\/wp-content\/uploads\/2023\/06\/Reality-Death-Show-768x1225.jpg 768w, https:\/\/ajsoifer.ca\/wp-content\/uploads\/2023\/06\/Reality-Death-Show-963x1536.jpg 963w, https:\/\/ajsoifer.ca\/wp-content\/uploads\/2023\/06\/Reality-Death-Show-1284x2048.jpg 1284w, https:\/\/ajsoifer.ca\/wp-content\/uploads\/2023\/06\/Reality-Death-Show-scaled.jpg 1604w\" sizes=\"auto, (max-width: 642px) 100vw, 642px\" \/><\/a><\/figure><\/div>\n\n\n<p><\/p>\n\n\n\n<h2 class=\"wp-block-heading\">SINOPSIS<\/h2>\n\n\n\n<p class=\"has-text-align-justify\">El reality show&nbsp;<em>La Casa&nbsp;<\/em>se est\u00e1 desarrollando con su aburrida normalidad: peque\u00f1as rencillas, enemistades, provocaciones y la b\u00fasqueda del Gran Premio. Pero entonces un grupo comando terrorista ingresa en La Casa y nada ser\u00e1 como antes. Las peleas y enemistades previas pasar\u00e1n a ser un recuerdo feliz en comparaci\u00f3n con la locura can\u00edbal y ultra sangrienta que se desencadena sin previo aviso y sin que nadie pareciera querer hacer nada para detenerla. \u00bfQui\u00e9nes son los terroristas? \u00bfQu\u00e9 buscan? \u00bfPor qu\u00e9 est\u00e1n haciendo una carnicer\u00eda que se transmite en directo por la TV? Los protagonistas de&nbsp;<em>La Casa<\/em>&nbsp;deber\u00e1n decidir si vale la pena morir para encontrar alguna respuesta.<\/p>\n\n\n\n<div class=\"wp-block-buttons is-content-justification-center is-layout-flex wp-container-core-buttons-is-layout-1 wp-block-buttons-is-layout-flex\">\n<div class=\"wp-block-button\"><a class=\"wp-block-button__link wp-element-button\" href=\"https:\/\/books2read.com\/u\/4ENRAe\">Cons\u00edguelo aqu\u00ed<\/a><\/div>\n<\/div>\n","protected":false},"excerpt":{"rendered":"<p>SINOPSIS El reality show&nbsp;La Casa&nbsp;se est\u00e1 desarrollando con su aburrida normalidad: peque\u00f1as rencillas, enemistades, provocaciones y la b\u00fasqueda del Gran Premio. Pero entonces un grupo comando terrorista ingresa en La Casa y nada ser\u00e1 como antes. Las peleas y enemistades previas pasar\u00e1n a ser un recuerdo feliz en comparaci\u00f3n con la locura can\u00edbal y ultra&hellip; <a class=\"more-link\" href=\"https:\/\/ajsoifer.ca\/?page_id=5733\">Continue reading <span class=\"screen-reader-text\">Reality Death Show<\/span> <span class=\"meta-nav\" aria-hidden=\"true\">&rarr;<\/span><\/a><\/p>\n","protected":false},"author":1,"featured_media":0,"parent":0,"menu_order":0,"comment_status":"closed","ping_status":"closed","template":"","meta":{"om_disable_all_campaigns":false,"_monsterinsights_skip_tracking":false,"_monsterinsights_sitenote_active":false,"_monsterinsights_sitenote_note":"","_monsterinsights_sitenote_category":0,"footnotes":""},"class_list":["post-5733","page","type-page","status-publish","hentry"],"aioseo_notices":[],"_links":{"self":[{"href":"https:\/\/ajsoifer.ca\/index.php?rest_route=\/wp\/v2\/pages\/5733","targetHints":{"allow":["GET"]}}],"collection":[{"href":"https:\/\/ajsoifer.ca\/index.php?rest_route=\/wp\/v2\/pages"}],"about":[{"href":"https:\/\/ajsoifer.ca\/index.php?rest_route=\/wp\/v2\/types\/page"}],"author":[{"embeddable":true,"href":"https:\/\/ajsoifer.ca\/index.php?rest_route=\/wp\/v2\/users\/1"}],"replies":[{"embeddable":true,"href":"https:\/\/ajsoifer.ca\/index.php?rest_route=%2Fwp%2Fv2%2Fcomments&post=5733"}],"version-history":[{"count":1,"href":"https:\/\/ajsoifer.ca\/index.php?rest_route=\/wp\/v2\/pages\/5733\/revisions"}],"predecessor-version":[{"id":5782,"href":"https:\/\/ajsoifer.ca\/index.php?rest_route=\/wp\/v2\/pages\/5733\/revisions\/5782"}],"wp:attachment":[{"href":"https:\/\/ajsoifer.ca\/index.php?rest_route=%2Fwp%2Fv2%2Fmedia&parent=5733"}],"curies":[{"name":"wp","href":"https:\/\/api.w.org\/{rel}","templated":true}]}}