{"id":5812,"date":"2024-01-08T20:08:48","date_gmt":"2024-01-08T20:08:48","guid":{"rendered":"https:\/\/ajsoifer.ca\/?page_id=5812"},"modified":"2024-01-08T20:10:54","modified_gmt":"2024-01-08T20:10:54","slug":"rituales-de-lagrimas-3","status":"publish","type":"page","link":"https:\/\/ajsoifer.ca\/?page_id=5812","title":{"rendered":"Rituales de l\u00e1grimas"},"content":{"rendered":"\n<figure class=\"wp-block-image size-large\"><img loading=\"lazy\" decoding=\"async\" width=\"1024\" height=\"630\" src=\"https:\/\/ajsoifer.ca\/wp-content\/uploads\/2024\/01\/Mockup-Get-1024x630.jpg\" alt=\"\" class=\"wp-image-5813\" srcset=\"https:\/\/ajsoifer.ca\/wp-content\/uploads\/2024\/01\/Mockup-Get-1024x630.jpg 1024w, https:\/\/ajsoifer.ca\/wp-content\/uploads\/2024\/01\/Mockup-Get-300x185.jpg 300w, https:\/\/ajsoifer.ca\/wp-content\/uploads\/2024\/01\/Mockup-Get-768x473.jpg 768w, https:\/\/ajsoifer.ca\/wp-content\/uploads\/2024\/01\/Mockup-Get-1536x946.jpg 1536w, https:\/\/ajsoifer.ca\/wp-content\/uploads\/2024\/01\/Mockup-Get-2048x1261.jpg 2048w\" sizes=\"auto, (max-width: 1024px) 100vw, 1024px\" \/><\/figure>\n\n\n\n<h2 class=\"wp-block-heading\"><strong>SINOPSIS<\/strong><\/h2>\n\n\n\n<p><strong><em>Cre\u00edan haber dejado detr\u00e1s el horror de los asesinatos rituales. Pero entonces volvieron a comenzar.<\/em><\/strong><em><br><\/em><br>Han transcurrido casi dos a\u00f1os desde el sangriento desenlace de <em>Rituales de sangre<\/em>. Sheila Lehrer, la hija de un prestigioso rabino, Sebasti\u00e1n, un profesor de literatura, y Mario Quiroz, un ex polic\u00eda curtido por la melancol\u00eda y la vida dura, creen haber dejado muy atr\u00e1s aquel asunto.<br>Pero su tranquilidad se ver\u00e1 interrumpida de manera brutal cuando un nuevo crimen atroz sacude a la sociedad. Las macabras similitudes con los asesinatos rituales anteriores llevan a deducir nuevamente un perturbador v\u00ednculo con la secta ultraortodoxa jud\u00eda de Tikv\u00e1 Zhitomir. Sin embargo, en el turbio mundo de los susurros y las apariencias enga\u00f1osas, la verdad podr\u00eda ser mucho m\u00e1s retorcida de lo que parece. La sombra amenazante del pasado se cierne de nuevo sobre los protagonistas cuando una segunda y sorprendente muerte los pone en jaque, forz\u00e1ndolos a enfrentar los demonios que hab\u00edan tratado dejar atr\u00e1s.<br><br>En esta perturbadora segunda parte de la <em>Saga Rituales<\/em>, todas las certezas volver\u00e1n a ser puestas en juego. La entrada en escena de Luc\u00eda Zabala, un asunto pendiente en la vida de Quiroz, y el enigm\u00e1tico Leib <em>El G\u00f3lem <\/em>Schelling, agregan una capa adicional de complejidad a una trama retorcida y llena de falsas pistas. El tiempo corre mientras tanto y nuestros protagonistas deber\u00e1n, una vez m\u00e1s, unir fuerzas para desbaratar una trama atravesada por un oscuro secreto hist\u00f3rico.<br><br>Sumergi\u00e9ndose en las profundidades de lo desconocido, esta nueva entrega de la saga teje una red de suspenso implacable. Un <em>thriller<\/em> de suspense cautivante que te mantendr\u00e1 en vilo, p\u00e1gina tras p\u00e1gina, mientras descubres que en las sombras acechan secretos inimaginables.<\/p>\n\n\n\n<div class=\"wp-block-buttons is-content-justification-center is-layout-flex wp-container-core-buttons-is-layout-1 wp-block-buttons-is-layout-flex\">\n<div class=\"wp-block-button\"><a class=\"wp-block-button__link has-text-align-center wp-element-button\" href=\"https:\/\/mybook.to\/ritualesdelagrimas\">Cons\u00edguela aqu\u00ed<\/a><\/div>\n<\/div>\n","protected":false},"excerpt":{"rendered":"<p>SINOPSIS Cre\u00edan haber dejado detr\u00e1s el horror de los asesinatos rituales. Pero entonces volvieron a comenzar.Han transcurrido casi dos a\u00f1os desde el sangriento desenlace de Rituales de sangre. Sheila Lehrer, la hija de un prestigioso rabino, Sebasti\u00e1n, un profesor de literatura, y Mario Quiroz, un ex polic\u00eda curtido por la melancol\u00eda y la vida dura,&hellip; <a class=\"more-link\" href=\"https:\/\/ajsoifer.ca\/?page_id=5812\">Continue reading <span class=\"screen-reader-text\">Rituales de l\u00e1grimas<\/span> <span class=\"meta-nav\" aria-hidden=\"true\">&rarr;<\/span><\/a><\/p>\n","protected":false},"author":1,"featured_media":0,"parent":0,"menu_order":0,"comment_status":"closed","ping_status":"closed","template":"","meta":{"om_disable_all_campaigns":false,"_monsterinsights_skip_tracking":false,"_monsterinsights_sitenote_active":false,"_monsterinsights_sitenote_note":"","_monsterinsights_sitenote_category":0,"footnotes":""},"class_list":["post-5812","page","type-page","status-publish","hentry"],"aioseo_notices":[],"_links":{"self":[{"href":"https:\/\/ajsoifer.ca\/index.php?rest_route=\/wp\/v2\/pages\/5812","targetHints":{"allow":["GET"]}}],"collection":[{"href":"https:\/\/ajsoifer.ca\/index.php?rest_route=\/wp\/v2\/pages"}],"about":[{"href":"https:\/\/ajsoifer.ca\/index.php?rest_route=\/wp\/v2\/types\/page"}],"author":[{"embeddable":true,"href":"https:\/\/ajsoifer.ca\/index.php?rest_route=\/wp\/v2\/users\/1"}],"replies":[{"embeddable":true,"href":"https:\/\/ajsoifer.ca\/index.php?rest_route=%2Fwp%2Fv2%2Fcomments&post=5812"}],"version-history":[{"count":2,"href":"https:\/\/ajsoifer.ca\/index.php?rest_route=\/wp\/v2\/pages\/5812\/revisions"}],"predecessor-version":[{"id":5817,"href":"https:\/\/ajsoifer.ca\/index.php?rest_route=\/wp\/v2\/pages\/5812\/revisions\/5817"}],"wp:attachment":[{"href":"https:\/\/ajsoifer.ca\/index.php?rest_route=%2Fwp%2Fv2%2Fmedia&parent=5812"}],"curies":[{"name":"wp","href":"https:\/\/api.w.org\/{rel}","templated":true}]}}